{"id":2924,"date":"2020-05-05T08:57:39","date_gmt":"2020-05-05T06:57:39","guid":{"rendered":"https:\/\/www.gallerianazionale.com\/?page_id=2924"},"modified":"2026-03-06T16:41:57","modified_gmt":"2026-03-06T15:41:57","slug":"sergio-andrioli","status":"publish","type":"page","link":"https:\/\/www.gallerianazionale.com\/en\/sergio-andrioli\/","title":{"rendered":"Sergio Andrioli"},"content":{"rendered":"<p>[et_pb_section fb_built=&#8221;1&#8243; _builder_version=&#8221;4.16&#8243; custom_padding=&#8221;54px|0px|0|0px|false|false&#8221; global_colors_info=&#8221;{}&#8221;][et_pb_row column_structure=&#8221;1_2,1_2&#8243; _builder_version=&#8221;4.16&#8243; background_size=&#8221;initial&#8221; background_position=&#8221;top_left&#8221; background_repeat=&#8221;repeat&#8221; global_colors_info=&#8221;{}&#8221;][et_pb_column type=&#8221;1_2&#8243; _builder_version=&#8221;4.16&#8243; custom_padding=&#8221;|||&#8221; global_colors_info=&#8221;{}&#8221; custom_padding__hover=&#8221;|||&#8221;][et_pb_text admin_label=&#8221;Titolo Biografia&#8221; _builder_version=&#8221;4.16&#8243; header_3_font=&#8221;Play Fair||||||||&#8221; global_colors_info=&#8221;{}&#8221;]<\/p>\n<h3 class=\"title\">BIOGRAFIA<\/h3>\n<p>[\/et_pb_text][et_pb_text _builder_version=&#8221;4.27.6&#8243; hover_enabled=&#8221;0&#8243; global_colors_info=&#8221;{}&#8221; sticky_enabled=&#8221;0&#8243;]<\/p>\n<p><strong>Sergio Andreoli<\/strong> was born in Brescia in February 1951. Early in his career, he focused on paining landscapes, still life\u2019s, and railway depots. In 1979, Andreoli held his first personal exhibition at the Gallery \u201cS.\u00a0Michele\u201d in Brescia with support by the gallerist Gianfranco Majorana.<\/p>\n<p>Although he has depicted many subject matters in his works over the years, his passion has always been the railway. It was this focus area that was the catalyst for exploring the precision artistic technique, which culminated in his first hyper-realistic works exhibition in 1987.<\/p>\n<p>Today, Andreoli lives and works in Brescia. He is currently planning a solo show entitled &#8220;Stationary Moments&#8221; at the Gallery &#8220;S.\u00a0Michele\u201d of Brescia. This exhibit will display a wide-ranging portfolio of his work followed by the publication of volume capturing the collection.<\/p>\n<p><strong>\u00a0<\/strong><\/p>\n<p>[\/et_pb_text][\/et_pb_column][et_pb_column type=&#8221;1_2&#8243; _builder_version=&#8221;4.16&#8243; custom_padding=&#8221;|||&#8221; global_colors_info=&#8221;{}&#8221; custom_padding__hover=&#8221;|||&#8221;][et_pb_image src=&#8221;https:\/\/www.gallerianazionale.com\/wp-content\/uploads\/2020\/04\/Sergio-Andrioli-cover-face.jpg&#8221; align_tablet=&#8221;center&#8221; align_phone=&#8221;&#8221; align_last_edited=&#8221;on|desktop&#8221; _builder_version=&#8221;4.16&#8243; global_colors_info=&#8221;{}&#8221;][\/et_pb_image][\/et_pb_column][\/et_pb_row][\/et_pb_section][et_pb_section fb_built=&#8221;1&#8243; _builder_version=&#8221;4.16&#8243; custom_padding=&#8221;0|0px|7px|0px|false|false&#8221; global_colors_info=&#8221;{}&#8221;][et_pb_row use_custom_gutter=&#8221;on&#8221; gutter_width=&#8221;2&#8243; module_class=&#8221; et_pb_row_fullwidth&#8221; _builder_version=&#8221;4.16&#8243; width=&#8221;94%&#8221; width_tablet=&#8221;80%&#8221; width_phone=&#8221;&#8221; width_last_edited=&#8221;on|desktop&#8221; max_width=&#8221;94%&#8221; max_width_tablet=&#8221;80%&#8221; max_width_phone=&#8221;&#8221; max_width_last_edited=&#8221;on|desktop&#8221; module_alignment=&#8221;center&#8221; make_fullwidth=&#8221;on&#8221; global_colors_info=&#8221;{}&#8221;][et_pb_column type=&#8221;4_4&#8243; _builder_version=&#8221;4.16&#8243; custom_padding=&#8221;|||&#8221; global_colors_info=&#8221;{}&#8221; custom_padding__hover=&#8221;|||&#8221;][et_pb_text _builder_version=&#8221;4.16&#8243; text_font=&#8221;Play Fair||||||||&#8221; header_font=&#8221;Play Fair||||||||&#8221; global_colors_info=&#8221;{}&#8221;]<\/p>\n<h1 style=\"text-align: center;\">Work for Sale<\/h1>\n<p>[\/et_pb_text][et_pb_portfolio fullwidth=&#8221;off&#8221; posts_number=&#8221;20&#8243; include_categories=&#8221;39&#8243; zoom_icon_color=&#8221;#e09900&#8243; _builder_version=&#8221;4.16&#8243; global_colors_info=&#8221;{}&#8221;][\/et_pb_portfolio][\/et_pb_column][\/et_pb_row][\/et_pb_section]<\/p>\n","protected":false},"excerpt":{"rendered":"<p>BIOGRAFIA Sergio Andreoli was born in Brescia in February 1951. Early in his career, he focused on paining landscapes, still life\u2019s, and railway depots. In 1979, Andreoli held his first personal exhibition at the Gallery \u201cS.\u00a0Michele\u201d in Brescia with support by the gallerist Gianfranco Majorana. Although he has depicted many subject matters in his works [&hellip;]<\/p>\n","protected":false},"author":1,"featured_media":0,"parent":0,"menu_order":0,"comment_status":"closed","ping_status":"closed","template":"","meta":{"_et_pb_use_builder":"on","_et_pb_old_content":"<p>[et_pb_section fb_built=\"1\" _builder_version=\"3.22\" custom_padding=\"54px|0px|0|0px|false|false\"][et_pb_row column_structure=\"1_2,1_2\" _builder_version=\"3.25\" background_size=\"initial\" background_position=\"top_left\" background_repeat=\"repeat\"][et_pb_column type=\"1_2\" _builder_version=\"3.25\" custom_padding=\"|||\" custom_padding__hover=\"|||\"][et_pb_text admin_label=\"Titolo Biografia\" _builder_version=\"3.27.4\" header_3_font=\"Play Fair||||||||\"]<\/p><h3 class=\"title\">BIOGRAFIA<\/h3><p>[\/et_pb_text][et_pb_text _builder_version=\"4.3.4\" hover_enabled=\"0\"]<\/p><p class=\"Corpodeltesto20\">Sergio Andreoli nasce a Brescia nel febbraio del 1951. Inizia negli anni \u201970 a dipingere paesaggi, nature morte e depositi ferroviari, espone la prima personale 1979 alla Galleria \u201cS. Michele\u201d di Brescia appoggiato dal gallerista Gianfranco Majorana.<\/p><p class=\"Corpodeltesto20\">La sua passione \u00e8 la ferrovia, ed \u00e8 proprio la stessa a guidarlo ed avvicinarlo sempre pi\u00f9 alla tecnica artistica di precisione, inizia cos\u00ec nel 1987 la prima esposizione di opere iperrealiste.<\/p><p class=\"Corpodeltesto20\">Vive e lavora a Brescia, nel suo prossimo futuro \u00e8 in programma una raccolta antologica di opere che<\/p><p class=\"Corpodeltesto20\">saranno esposte in una personale dal titolo \u201cMomenti Stazionari\u201d alla Galleria \u201cS. Michele\u201d di Brescia, seguir\u00e0 la pubblicazione di un volume.<\/p><p>\u00a0<\/p><p>[\/et_pb_text][\/et_pb_column][et_pb_column type=\"1_2\" _builder_version=\"3.25\" custom_padding=\"|||\" custom_padding__hover=\"|||\"][et_pb_image src=\"https:\/\/www.gallerianazionale.com\/wp-content\/uploads\/2020\/04\/Sergio-Andrioli-cover-face.jpg\" align_tablet=\"center\" align_phone=\"\" align_last_edited=\"on|desktop\" _builder_version=\"4.3.4\"][\/et_pb_image][\/et_pb_column][\/et_pb_row][\/et_pb_section][et_pb_section fb_built=\"1\" _builder_version=\"3.22\" custom_padding=\"0|0px|7px|0px|false|false\"][et_pb_row use_custom_gutter=\"on\" gutter_width=\"2\" module_class=\" et_pb_row_fullwidth\" _builder_version=\"3.25\" width=\"94%\" width_tablet=\"80%\" width_phone=\"\" width_last_edited=\"on|desktop\" max_width=\"94%\" max_width_tablet=\"80%\" max_width_phone=\"\" max_width_last_edited=\"on|desktop\" module_alignment=\"center\" make_fullwidth=\"on\"][et_pb_column type=\"4_4\" _builder_version=\"3.25\" custom_padding=\"|||\" custom_padding__hover=\"|||\"][et_pb_text _builder_version=\"3.27.4\" text_font=\"Play Fair||||||||\" header_font=\"Play Fair||||||||\"]<\/p><h1 style=\"text-align: center;\">Opere in vendita<\/h1><p>\u00a0<br \/>[\/et_pb_text][et_pb_portfolio fullwidth=\"off\" posts_number=\"20\" include_categories=\"39\" zoom_icon_color=\"#e09900\" _builder_version=\"4.3.4\"][\/et_pb_portfolio][\/et_pb_column][\/et_pb_row][\/et_pb_section]<\/p>","_et_gb_content_width":"","footnotes":""},"class_list":["post-2924","page","type-page","status-publish","hentry"],"yoast_head":"<!-- This site is optimized with the Yoast SEO plugin v27.4 - https:\/\/yoast.com\/product\/yoast-seo-wordpress\/ -->\n<title>Sergio Andrioli - Galleria Nazionale<\/title>\n<meta name=\"robots\" content=\"index, follow, max-snippet:-1, max-image-preview:large, max-video-preview:-1\" \/>\n<link rel=\"canonical\" href=\"https:\/\/www.gallerianazionale.com\/en\/sergio-andrioli\/\" \/>\n<meta property=\"og:locale\" content=\"en_US\" \/>\n<meta property=\"og:type\" content=\"article\" \/>\n<meta property=\"og:title\" content=\"Sergio Andrioli - Galleria Nazionale\" \/>\n<meta property=\"og:description\" content=\"BIOGRAFIA Sergio Andreoli was born in Brescia in February 1951. Early in his career, he focused on paining landscapes, still life\u2019s, and railway depots. In 1979, Andreoli held his first personal exhibition at the Gallery \u201cS.\u00a0Michele\u201d in Brescia with support by the gallerist Gianfranco Majorana. Although he has depicted many subject matters in his works [&hellip;]\" \/>\n<meta property=\"og:url\" content=\"https:\/\/www.gallerianazionale.com\/en\/sergio-andrioli\/\" \/>\n<meta property=\"og:site_name\" content=\"Galleria Nazionale\" \/>\n<meta property=\"article:publisher\" content=\"https:\/\/www.facebook.com\/Galleria-Nazionale-di-Cortona-283352928382392\/?fref=ts\" \/>\n<meta property=\"article:modified_time\" content=\"2026-03-06T15:41:57+00:00\" \/>\n<meta name=\"twitter:card\" content=\"summary_large_image\" \/>\n<meta name=\"twitter:label1\" content=\"Est. reading time\" \/>\n\t<meta name=\"twitter:data1\" content=\"2 minutes\" \/>\n<script type=\"application\/ld+json\" class=\"yoast-schema-graph\">{\"@context\":\"https:\\\/\\\/schema.org\",\"@graph\":[{\"@type\":\"WebPage\",\"@id\":\"https:\\\/\\\/www.gallerianazionale.com\\\/en\\\/sergio-andrioli\\\/\",\"url\":\"https:\\\/\\\/www.gallerianazionale.com\\\/en\\\/sergio-andrioli\\\/\",\"name\":\"Sergio Andrioli - Galleria Nazionale\",\"isPartOf\":{\"@id\":\"https:\\\/\\\/www.gallerianazionale.com\\\/#website\"},\"datePublished\":\"2020-05-05T06:57:39+00:00\",\"dateModified\":\"2026-03-06T15:41:57+00:00\",\"breadcrumb\":{\"@id\":\"https:\\\/\\\/www.gallerianazionale.com\\\/en\\\/sergio-andrioli\\\/#breadcrumb\"},\"inLanguage\":\"en-US\",\"potentialAction\":[{\"@type\":\"ReadAction\",\"target\":[\"https:\\\/\\\/www.gallerianazionale.com\\\/en\\\/sergio-andrioli\\\/\"]}]},{\"@type\":\"BreadcrumbList\",\"@id\":\"https:\\\/\\\/www.gallerianazionale.com\\\/en\\\/sergio-andrioli\\\/#breadcrumb\",\"itemListElement\":[{\"@type\":\"ListItem\",\"position\":1,\"name\":\"Home\",\"item\":\"https:\\\/\\\/www.gallerianazionale.com\\\/en\\\/\"},{\"@type\":\"ListItem\",\"position\":2,\"name\":\"Sergio Andrioli\"}]},{\"@type\":\"WebSite\",\"@id\":\"https:\\\/\\\/www.gallerianazionale.com\\\/#website\",\"url\":\"https:\\\/\\\/www.gallerianazionale.com\\\/\",\"name\":\"Galleria Nazionale\",\"description\":\"\",\"publisher\":{\"@id\":\"https:\\\/\\\/www.gallerianazionale.com\\\/#organization\"},\"potentialAction\":[{\"@type\":\"SearchAction\",\"target\":{\"@type\":\"EntryPoint\",\"urlTemplate\":\"https:\\\/\\\/www.gallerianazionale.com\\\/?s={search_term_string}\"},\"query-input\":{\"@type\":\"PropertyValueSpecification\",\"valueRequired\":true,\"valueName\":\"search_term_string\"}}],\"inLanguage\":\"en-US\"},{\"@type\":\"Organization\",\"@id\":\"https:\\\/\\\/www.gallerianazionale.com\\\/#organization\",\"name\":\"Galleria Nazionale di Bruno Cosignani\",\"url\":\"https:\\\/\\\/www.gallerianazionale.com\\\/\",\"logo\":{\"@type\":\"ImageObject\",\"inLanguage\":\"en-US\",\"@id\":\"https:\\\/\\\/www.gallerianazionale.com\\\/#\\\/schema\\\/logo\\\/image\\\/\",\"url\":\"https:\\\/\\\/www.gallerianazionale.com\\\/wp-content\\\/uploads\\\/2018\\\/01\\\/galleria-nazionale-new-logo2.png\",\"contentUrl\":\"https:\\\/\\\/www.gallerianazionale.com\\\/wp-content\\\/uploads\\\/2018\\\/01\\\/galleria-nazionale-new-logo2.png\",\"width\":600,\"height\":278,\"caption\":\"Galleria Nazionale di Bruno Cosignani\"},\"image\":{\"@id\":\"https:\\\/\\\/www.gallerianazionale.com\\\/#\\\/schema\\\/logo\\\/image\\\/\"},\"sameAs\":[\"https:\\\/\\\/www.facebook.com\\\/Galleria-Nazionale-di-Cortona-283352928382392\\\/?fref=ts\"]}]}<\/script>\n<!-- \/ Yoast SEO plugin. -->","yoast_head_json":{"title":"Sergio Andrioli - Galleria Nazionale","robots":{"index":"index","follow":"follow","max-snippet":"max-snippet:-1","max-image-preview":"max-image-preview:large","max-video-preview":"max-video-preview:-1"},"canonical":"https:\/\/www.gallerianazionale.com\/en\/sergio-andrioli\/","og_locale":"en_US","og_type":"article","og_title":"Sergio Andrioli - Galleria Nazionale","og_description":"BIOGRAFIA Sergio Andreoli was born in Brescia in February 1951. Early in his career, he focused on paining landscapes, still life\u2019s, and railway depots. In 1979, Andreoli held his first personal exhibition at the Gallery \u201cS.\u00a0Michele\u201d in Brescia with support by the gallerist Gianfranco Majorana. Although he has depicted many subject matters in his works [&hellip;]","og_url":"https:\/\/www.gallerianazionale.com\/en\/sergio-andrioli\/","og_site_name":"Galleria Nazionale","article_publisher":"https:\/\/www.facebook.com\/Galleria-Nazionale-di-Cortona-283352928382392\/?fref=ts","article_modified_time":"2026-03-06T15:41:57+00:00","twitter_card":"summary_large_image","twitter_misc":{"Est. reading time":"2 minutes"},"schema":{"@context":"https:\/\/schema.org","@graph":[{"@type":"WebPage","@id":"https:\/\/www.gallerianazionale.com\/en\/sergio-andrioli\/","url":"https:\/\/www.gallerianazionale.com\/en\/sergio-andrioli\/","name":"Sergio Andrioli - Galleria Nazionale","isPartOf":{"@id":"https:\/\/www.gallerianazionale.com\/#website"},"datePublished":"2020-05-05T06:57:39+00:00","dateModified":"2026-03-06T15:41:57+00:00","breadcrumb":{"@id":"https:\/\/www.gallerianazionale.com\/en\/sergio-andrioli\/#breadcrumb"},"inLanguage":"en-US","potentialAction":[{"@type":"ReadAction","target":["https:\/\/www.gallerianazionale.com\/en\/sergio-andrioli\/"]}]},{"@type":"BreadcrumbList","@id":"https:\/\/www.gallerianazionale.com\/en\/sergio-andrioli\/#breadcrumb","itemListElement":[{"@type":"ListItem","position":1,"name":"Home","item":"https:\/\/www.gallerianazionale.com\/en\/"},{"@type":"ListItem","position":2,"name":"Sergio Andrioli"}]},{"@type":"WebSite","@id":"https:\/\/www.gallerianazionale.com\/#website","url":"https:\/\/www.gallerianazionale.com\/","name":"Galleria Nazionale","description":"","publisher":{"@id":"https:\/\/www.gallerianazionale.com\/#organization"},"potentialAction":[{"@type":"SearchAction","target":{"@type":"EntryPoint","urlTemplate":"https:\/\/www.gallerianazionale.com\/?s={search_term_string}"},"query-input":{"@type":"PropertyValueSpecification","valueRequired":true,"valueName":"search_term_string"}}],"inLanguage":"en-US"},{"@type":"Organization","@id":"https:\/\/www.gallerianazionale.com\/#organization","name":"Galleria Nazionale di Bruno Cosignani","url":"https:\/\/www.gallerianazionale.com\/","logo":{"@type":"ImageObject","inLanguage":"en-US","@id":"https:\/\/www.gallerianazionale.com\/#\/schema\/logo\/image\/","url":"https:\/\/www.gallerianazionale.com\/wp-content\/uploads\/2018\/01\/galleria-nazionale-new-logo2.png","contentUrl":"https:\/\/www.gallerianazionale.com\/wp-content\/uploads\/2018\/01\/galleria-nazionale-new-logo2.png","width":600,"height":278,"caption":"Galleria Nazionale di Bruno Cosignani"},"image":{"@id":"https:\/\/www.gallerianazionale.com\/#\/schema\/logo\/image\/"},"sameAs":["https:\/\/www.facebook.com\/Galleria-Nazionale-di-Cortona-283352928382392\/?fref=ts"]}]}},"_links":{"self":[{"href":"https:\/\/www.gallerianazionale.com\/en\/wp-json\/wp\/v2\/pages\/2924","targetHints":{"allow":["GET"]}}],"collection":[{"href":"https:\/\/www.gallerianazionale.com\/en\/wp-json\/wp\/v2\/pages"}],"about":[{"href":"https:\/\/www.gallerianazionale.com\/en\/wp-json\/wp\/v2\/types\/page"}],"author":[{"embeddable":true,"href":"https:\/\/www.gallerianazionale.com\/en\/wp-json\/wp\/v2\/users\/1"}],"replies":[{"embeddable":true,"href":"https:\/\/www.gallerianazionale.com\/en\/wp-json\/wp\/v2\/comments?post=2924"}],"version-history":[{"count":6,"href":"https:\/\/www.gallerianazionale.com\/en\/wp-json\/wp\/v2\/pages\/2924\/revisions"}],"predecessor-version":[{"id":5821,"href":"https:\/\/www.gallerianazionale.com\/en\/wp-json\/wp\/v2\/pages\/2924\/revisions\/5821"}],"wp:attachment":[{"href":"https:\/\/www.gallerianazionale.com\/en\/wp-json\/wp\/v2\/media?parent=2924"}],"curies":[{"name":"wp","href":"https:\/\/api.w.org\/{rel}","templated":true}]}}